{"id":1745,"date":"2020-09-11T21:09:31","date_gmt":"2020-09-11T21:09:31","guid":{"rendered":"https:\/\/www.languesnouveaumonde.ca\/anecdotes-et-temoignages\/"},"modified":"2021-06-18T15:31:36","modified_gmt":"2021-06-18T15:31:36","slug":"testimonials","status":"publish","type":"page","link":"https:\/\/www.languesnouveaumonde.ca\/en\/testimonials\/","title":{"rendered":"Testimonials"},"content":{"rendered":"<h1 style=\"display: none;\">Testimonials: Career<\/h1>\n<h2>Testimonials<\/h2>\n<p><img decoding=\"async\" loading=\"lazy\" class=\"alignnone size-featured wp-image-765\" src=\"https:\/\/www.languesnouveaumonde.ca\/wp-content\/uploads\/2020\/09\/5-800x600.jpg\" alt=\"\" width=\"800\" height=\"600\" \/><\/p>\n<h2 class=\"subtitle\">Top 6 reasons to learn a new language<\/h2>\n<div class=\"col-1\"><div id=\"carriere\" class=\"testimonial-cont\">\r\n  <a href=\"https:\/\/www.languesnouveaumonde.ca\/en\/testimonials\/#carriere\"><img src=\"https:\/\/www.languesnouveaumonde.ca\/wp-content\/uploads\/2020\/12\/ICONOS-GRANDES-04.png\" \/>Career<\/a>\r\n<\/div>\r\n<div id=\"etudes\" class=\"testimonial-cont\">\r\n  <a href=\"https:\/\/www.languesnouveaumonde.ca\/en\/testimonials\/studies\/#etudes\"><img src=\"https:\/\/www.languesnouveaumonde.ca\/wp-content\/uploads\/2020\/12\/ICONOS-GRANDES-02.png\" \/>Studies<\/a>\r\n<\/div>\r\n<div id=\"immigration\" class=\"testimonial-cont\">\r\n  <a href=\"https:\/\/www.languesnouveaumonde.ca\/en\/testimonials\/immigration\/#immigration\"><img src=\"https:\/\/www.languesnouveaumonde.ca\/wp-content\/uploads\/2021\/02\/ICONOS-07.png\" \/>Immigration<\/a>\r\n<\/div>\r\n<div id=\"voyages\" class=\"testimonial-cont\">\r\n  <a href=\"https:\/\/www.languesnouveaumonde.ca\/en\/testimonials\/travel\/#voyages\"><img src=\"https:\/\/www.languesnouveaumonde.ca\/wp-content\/uploads\/2020\/12\/ICONOS-GRANDES-05.png\" \/>Travel<\/a>\r\n<\/div>\r\n<div id=\"particuliers\" class=\"testimonial-cont\">\r\n  <a href=\"https:\/\/www.languesnouveaumonde.ca\/en\/testimonials\/individuals\/#particuliers\"><img src=\"https:\/\/www.languesnouveaumonde.ca\/wp-content\/uploads\/2020\/12\/ICONOS-GRANDES-03.png\" \/>Individuals<\/a>\r\n<\/div>\r\n<div id=\"loisirs\" class=\"testimonial-cont\">\r\n  <a href=\"https:\/\/www.languesnouveaumonde.ca\/en\/testimonials\/leisure\/#loisirs\"><img src=\"https:\/\/www.languesnouveaumonde.ca\/wp-content\/uploads\/2020\/12\/ICONOS-GRANDES-06.png\" \/>Leisure<\/a>\r\n<\/div><\/div>\n<div class=\"col-2\"><!---firts-comment---->\r\n<div class=\"testimonial-row\">\r\n  <div id=\"besoin\" class=\"textbox-testimonials\">\r\n    <div class=\"corner-icon\"><img src=\"https:\/\/www.languesnouveaumonde.ca\/wp-content\/uploads\/2021\/02\/ICONOS-01.png\" \/><\/div>\r\n    <p class=\"title\">Client Need<\/p>\r\n    <p class=\"text\"><strong>Private tutoring<\/strong><br>\r\n    A monolingual English-speaking physician wishes to practice in Quebec and settle there with her family.<\/p>\r\n  <\/div>\r\n  <div id=\"solution\" class=\"textbox-testimonials\">\r\n    <div class=\"corner-icon\"><img src=\"https:\/\/www.languesnouveaumonde.ca\/wp-content\/uploads\/2021\/02\/ICONOS-02.png\" \/><\/div>\r\n    <p class=\"title\">Solution<\/p>\r\n    <p class=\"text\">To obtain her Quebec medical permit, she must pass the French language proficiency exam of the Office qu\u00e9b\u00e9cois de la langue fran\u00e7aise (OQLF), required by the Coll\u00e8ge des m\u00e9decins du Qu\u00e9bec (CMQ).<\/p>\r\n    <p class=\"text\">Consequently, she undertook a semi-intensive private French course at LNM for a little over a year.<\/p>\r\n  <\/div>\r\n  <div id=\"result\" class=\"textbox-testimonials\">\r\n    <div class=\"corner-icon\"><img src=\"https:\/\/www.languesnouveaumonde.ca\/wp-content\/uploads\/2021\/02\/ICONOS-03.png\" \/><\/div>\r\n    <p class=\"title\">Result<\/p>\r\n    <p class=\"text\">Not only did she successfully pass the OQLF exam, but it convinced her to enrol her children in public school in French.<\/p>\r\n\t<\/div>\r\n<\/div>\r\n\r\n<!---second-comment---->\r\n<div class=\"testimonial-row\">\r\n  <div id=\"besoin\" class=\"textbox-testimonials\">\r\n    <div class=\"corner-icon\"><img src=\"https:\/\/www.languesnouveaumonde.ca\/wp-content\/uploads\/2021\/02\/ICONOS-01.png\" \/><\/div>\r\n    <p class=\"title\">Client Need<\/p>\r\n    <p class=\"text\"><strong>Corporate<\/strong><br>\r\n    A French multinational company based in Quebec realizes that its unilingual Hispanic-American skilled workers are not autonomous enough in the performance of their daily work, creating friction with local workers.<\/p>\r\n  <\/div>\r\n  <div id=\"solution\" class=\"textbox-testimonials\">\r\n    <div class=\"corner-icon\"><img src=\"https:\/\/www.languesnouveaumonde.ca\/wp-content\/uploads\/2021\/02\/ICONOS-02.png\" \/><\/div>\r\n    <p class=\"title\">Solution<\/p>\r\n    <p class=\"text\">The management team opted for a dual training program: teaching French to foreign workers, while teaching Spanish to local supervisors.<\/p>\r\n  <\/div>\r\n  <div id=\"result\" class=\"textbox-testimonials\">\r\n    <div class=\"corner-icon\"><img src=\"https:\/\/www.languesnouveaumonde.ca\/wp-content\/uploads\/2021\/02\/ICONOS-03.png\" \/><\/div>\r\n    <p class=\"title\">Result<\/p>\r\n    <p class=\"text\">Exchanges are now more productive through understanding each other's language and cultural codes.<\/p>\r\n\t<\/div>\r\n<\/div>\r\n\r\n<!---third-comment---->\r\n<div class=\"testimonial-row testimonial-large\">\r\n  <div id=\"besoin\" class=\"textbox-testimonials\">\r\n    <div class=\"corner-icon\"><img src=\"https:\/\/www.languesnouveaumonde.ca\/wp-content\/uploads\/2021\/02\/ICONOS-01.png\" \/><\/div>\r\n    <p class=\"title\">Client Need<\/p>\r\n    <p class=\"text\"><strong>Corporate<\/strong><br>\r\n    Sterna, a company that recruits qualified foreign workers, wants to take advantage of the time required to obtain work visas for potential candidates to prepare for their arrival in Canada.<\/p>\r\n  <\/div>\r\n  <div id=\"solution\" class=\"textbox-testimonials\">\r\n    <div class=\"corner-icon\"><img src=\"https:\/\/www.languesnouveaumonde.ca\/wp-content\/uploads\/2021\/02\/ICONOS-02.png\" \/><\/div>\r\n    <p class=\"title\">Solution<\/p>\r\n    <p class=\"text\">Candidates living in Mexico and Colombia take a weekly online French or English course.<\/p>\r\n  <\/div>\r\n  <div id=\"result\" class=\"textbox-testimonials\">\r\n    <div class=\"corner-icon\"><img src=\"https:\/\/www.languesnouveaumonde.ca\/wp-content\/uploads\/2021\/02\/ICONOS-03.png\" \/><\/div>\r\n    <p class=\"title\">Result<\/p>\r\n    <p class=\"text\">The basic understanding of French or English by workers recruited for Sterna's clients in Quebec and Ontario makes them stand out from the crowd.<\/p>\r\n  <\/div>\r\n<\/div>\r\n<div class=\"testimonial-row\">\r\n  <div id=\"testimonial\" class=\"textbox-testimonials large\">\r\n    <div class=\"corner-icon\"><img src=\"https:\/\/www.languesnouveaumonde.ca\/wp-content\/uploads\/2021\/02\/ICONOS-04.png\" \/><\/div>\r\n    <div class=\"section-person\">\r\n      <img src=\"https:\/\/www.languesnouveaumonde.ca\/wp-content\/uploads\/2020\/11\/LOGOS-MOD-26-1.png\" \/>\r\n      <p class=\"name\">Bruno Paradis<\/p>\r\n      <p class=\"charge\">Pr\u00e9sident-fondateur chez Sterna.<\/p>\r\n    <\/div>\r\n    <div class=\"section-text\">\r\n      <p class=\"text\"><i class=\"fas fa-quote-left\"><\/i>Gr\u00e2ce \u00e0 Langues Nouveau Monde, nos travailleurs du Mexique et de la Colombie parlent fran\u00e7ais.<i class=\"fas fa-quote-right\"><\/i><\/p>\r\n    <\/div>\r\n  <\/div>\r\n<\/div>\r\n\r\n<!---new-comment----><\/div>\n","protected":false},"excerpt":{"rendered":"<p>Testimonials: Career Testimonials Top 6 reasons to learn a new language<\/p>\n","protected":false},"author":1,"featured_media":0,"parent":0,"menu_order":0,"comment_status":"closed","ping_status":"closed","template":"sections.php","meta":{"_genesis_hide_title":false,"_genesis_hide_breadcrumbs":false,"_genesis_hide_singular_image":false,"_genesis_hide_footer_widgets":false,"_genesis_custom_body_class":"","_genesis_custom_post_class":"","_genesis_layout":"full-width-content"},"featured_image_src":null,"featured_image_src_square":null,"_links":{"self":[{"href":"https:\/\/www.languesnouveaumonde.ca\/en\/wp-json\/wp\/v2\/pages\/1745"}],"collection":[{"href":"https:\/\/www.languesnouveaumonde.ca\/en\/wp-json\/wp\/v2\/pages"}],"about":[{"href":"https:\/\/www.languesnouveaumonde.ca\/en\/wp-json\/wp\/v2\/types\/page"}],"author":[{"embeddable":true,"href":"https:\/\/www.languesnouveaumonde.ca\/en\/wp-json\/wp\/v2\/users\/1"}],"replies":[{"embeddable":true,"href":"https:\/\/www.languesnouveaumonde.ca\/en\/wp-json\/wp\/v2\/comments?post=1745"}],"version-history":[{"count":1,"href":"https:\/\/www.languesnouveaumonde.ca\/en\/wp-json\/wp\/v2\/pages\/1745\/revisions"}],"predecessor-version":[{"id":2846,"href":"https:\/\/www.languesnouveaumonde.ca\/en\/wp-json\/wp\/v2\/pages\/1745\/revisions\/2846"}],"wp:attachment":[{"href":"https:\/\/www.languesnouveaumonde.ca\/en\/wp-json\/wp\/v2\/media?parent=1745"}],"curies":[{"name":"wp","href":"https:\/\/api.w.org\/{rel}","templated":true}]}}