{"id":1702,"date":"2020-09-11T18:18:17","date_gmt":"2020-09-11T18:18:17","guid":{"rendered":"https:\/\/www.languesnouveaumonde.ca\/accueil\/"},"modified":"2021-07-05T21:40:24","modified_gmt":"2021-07-05T21:40:24","slug":"inicio","status":"publish","type":"page","link":"https:\/\/www.languesnouveaumonde.ca\/es\/","title":{"rendered":"Inicio"},"content":{"rendered":"<h1 style=\"display: none;\">Langues Nouveau Monde<\/h1>\n<p>Somos una<br \/>\nacademia de idiomas<br \/>\n<strong><span class=\"change-1\"><a href=\"clases-particulares\/presencial\/\">El espa\u00f1ol<\/a><\/span><span class=\"change-2\">, <a href=\"..\/\">el franc\u00e9s<\/a><\/span><span class=\"change-3\"> y <a href=\"..\/en\/\">el ingl\u00e9s<\/a><\/span><\/strong><br \/>\nson nuestra especialidad.<\/p>\n<p class=\"fade-in-up\">Forjando pol\u00edglotas<br \/>\ndesde 2013 en<br \/>\n<strong><a href=\"contacto\/\">empresas<\/a><\/strong>, <strong><a href=\"contacto\/\">a domicilio<\/a><\/strong> o <strong><a href=\"contacto\/\">en linea<\/a><\/strong>.<\/p>\n<p class=\"fade-in-up\">Ofrecemos servicios corporativos<br \/>\ny a domicilio en toda la regi\u00f3n<br \/>\ndel Gran Montreal y m\u00e1s all\u00e1.<\/p>\n<p class=\"fade-in-up\">\u00a1Gracias a Internet,<br \/>\nnos transportamos a donde quiera<br \/>\nque se Usted se encuentre!<\/p>\n<p class=\"fade-in-up\">D\u00e9jese guiar por<br \/>\nnuestro <strong><a href=\"quienes-somos\/\">equipo pedag\u00f3gico<\/a><\/strong>.<\/p>\n<p class=\"fade-in-up\">Aprenda y practique un nuevo<br \/>\nidioma con confianza y a su<br \/>\npropio ritmo.<\/p>\n<p class=\"fade-in-up\">La ludopedagog\u00eda es nuestra<br \/>\nmejor estrategia para ayudarle<br \/>\na alcanzar esa meta&#8230;<\/p>\n<p class=\"fade-in-up\">&#8230;Por supuesto, respetando los<br \/>\nc\u00e1nones del Marco Com\u00fan Europeo de<br \/>\nReferencia para las lenguas <strong>(MCER)<\/strong><\/p>\n<p class=\"fade-in-up\"><strong>El MCER<\/strong> es un est\u00e1ndar,<br \/>\nmundialmente reconocido, de evaluaci\u00f3n<br \/>\nde competencias ling\u00fc\u00edsticas<br \/>\nbasado en una escala de evaluaci\u00f3n<br \/>\n(que va de A1 a C2).<\/p>\n<p class=\"fade-in-up\">Para saber m\u00e1s sobre nuestros cursos<br \/>\nde idiomas corporativos<br \/>\n(s\u00f3lo para empresas)<br \/>\n<strong><a href=\"soy-una-empresa\/\">Haga clic aqu\u00ed.<\/a><\/strong><\/p>\n<p class=\"fade-in-up\">\u00bfEs usted un estudiante particular<br \/>\no trabajador aut\u00f3nomo?<br \/>\n<strong><a href=\"clases-particulares\/presencial\/\">Dele clic ac\u00e1.<\/a><\/strong><\/p>\n<p class=\"fade-in-up\">Nuestro cometido es ayudarle<br \/>\nalcanzar su meta.<\/p>\n<p class=\"fade-in-up\">Lea algunos <strong><a href=\"testimonios\/\">testimonios<\/a><\/strong> de nuestros<br \/>\nalumnos y clientes.<\/p>\n<p class=\"fade-in-up\">\u00bfListo para empezar?<br \/>\n\u00a1Venga, ll\u00e1menos!<\/p>\n<p class=\"fade-in-up\">&#8230;O escr\u00edbanos<br \/>\nun <strong><a href=\"contacto\/\">correo electr\u00f3nico<\/a><\/strong><\/p>\n<p class=\"fade-in-up\">\u00bfEs Usted tecn\u00f3filo?<\/p>\n<p class=\"fade-in-up\">\u00bfQuiz\u00e1s tenga dudas entre tomar<br \/>\nun curso con un profesor o utilizar<br \/>\nuna aplicaci\u00f3n?<\/p>\n<p class=\"fade-in-up\">Para elegir la mejor opci\u00f3n,<br \/>\nlea nuestro <strong><a href=\"blog\/\">blog<\/a><\/strong>.<\/p>\n<p class=\"fade-in-up\">\u00a1Venga, eso es todo!<br \/>\nEst\u00e1 llegando al final<br \/>\nde la p\u00e1gina.<\/p>\n<p class=\"fade-in-up\">Esperamos acompa\u00f1arlo<br \/>\nen esta epopeya&#8230;<\/p>\n<p class=\"fade-in-up\">&#8230;porque aprender un nuevo idioma<br \/>\nes como descubrir un<br \/>\nNuevo Mundo.<\/p>\n","protected":false},"excerpt":{"rendered":"<p>Langues Nouveau Monde Somos una academia de idiomas El espa\u00f1ol, el franc\u00e9s y el ingl\u00e9s son nuestra especialidad. Forjando pol\u00edglotas desde 2013 en empresas, a domicilio o en linea. Ofrecemos servicios corporativos y a domicilio en toda la regi\u00f3n del Gran Montreal y m\u00e1s all\u00e1. \u00a1Gracias a Internet, nos transportamos a donde quiera que se &hellip;<\/p>\n","protected":false},"author":1,"featured_media":0,"parent":0,"menu_order":0,"comment_status":"closed","ping_status":"closed","template":"sections.php","meta":{"_genesis_hide_title":false,"_genesis_hide_breadcrumbs":false,"_genesis_hide_singular_image":false,"_genesis_hide_footer_widgets":false,"_genesis_custom_body_class":"page-home","_genesis_custom_post_class":"","_genesis_layout":"full-width-content"},"featured_image_src":null,"featured_image_src_square":null,"_links":{"self":[{"href":"https:\/\/www.languesnouveaumonde.ca\/es\/wp-json\/wp\/v2\/pages\/1702"}],"collection":[{"href":"https:\/\/www.languesnouveaumonde.ca\/es\/wp-json\/wp\/v2\/pages"}],"about":[{"href":"https:\/\/www.languesnouveaumonde.ca\/es\/wp-json\/wp\/v2\/types\/page"}],"author":[{"embeddable":true,"href":"https:\/\/www.languesnouveaumonde.ca\/es\/wp-json\/wp\/v2\/users\/1"}],"replies":[{"embeddable":true,"href":"https:\/\/www.languesnouveaumonde.ca\/es\/wp-json\/wp\/v2\/comments?post=1702"}],"version-history":[{"count":2,"href":"https:\/\/www.languesnouveaumonde.ca\/es\/wp-json\/wp\/v2\/pages\/1702\/revisions"}],"predecessor-version":[{"id":2757,"href":"https:\/\/www.languesnouveaumonde.ca\/es\/wp-json\/wp\/v2\/pages\/1702\/revisions\/2757"}],"wp:attachment":[{"href":"https:\/\/www.languesnouveaumonde.ca\/es\/wp-json\/wp\/v2\/media?parent=1702"}],"curies":[{"name":"wp","href":"https:\/\/api.w.org\/{rel}","templated":true}]}}