{"id":1716,"date":"2020-09-22T23:19:59","date_gmt":"2020-09-22T23:19:59","guid":{"rendered":"https:\/\/www.languesnouveaumonde.ca\/en-personne\/"},"modified":"2023-01-12T22:00:04","modified_gmt":"2023-01-12T22:00:04","slug":"presencial","status":"publish","type":"page","link":"https:\/\/www.languesnouveaumonde.ca\/es\/clases-particulares\/presencial\/","title":{"rendered":"Presencial"},"content":{"rendered":"<h1 style=\"display: none;\">Presencial<\/h1>\n<div class=\"hc-contain\">\n<h2>Soy un particular<br \/>\nestoy buscando un curso de<br \/>\n<span class=\"change-1\">Franc\u00e9s<\/span><span class=\"change-2\">\/ Espa\u00f1ol<\/span><span class=\"change-3\">\/ Ingl\u00e9s<\/span><\/h2>\n<div class=\"icons-contain\"><img decoding=\"async\" loading=\"lazy\" class=\"active alignnone\" src=\"https:\/\/www.languesnouveaumonde.ca\/wp-content\/uploads\/2021\/01\/LOGOS-MOD-29.png\" alt=\"presencial\" width=\"90\" height=\"90\" \/><a href=\"..\/virtual\/\"><img decoding=\"async\" loading=\"lazy\" src=\"https:\/\/www.languesnouveaumonde.ca\/wp-content\/uploads\/2021\/01\/LOGOS-MOD-31.png\" alt=\"virtual\" width=\"90\" height=\"90\" \/><\/a><a href=\"..\/talleres\/\"><img decoding=\"async\" loading=\"lazy\" src=\"https:\/\/www.languesnouveaumonde.ca\/wp-content\/uploads\/2021\/01\/LOGOS-MOD-33.png\" alt=\"talleres\" width=\"90\" height=\"90\" \/><\/a><\/div>\n<\/div>\n<p><img decoding=\"async\" loading=\"lazy\" class=\"alignnone wp-image-765 size-featured\" src=\"https:\/\/www.languesnouveaumonde.ca\/wp-content\/uploads\/2020\/10\/Notre-methode.jpg\" alt=\"curso de Franc\u00e9s\/ Espa\u00f1ol\/ Ingl\u00e9s\" width=\"800\" height=\"600\" \/><\/p>\n<div class=\"c-block\">\n<p><img decoding=\"async\" loading=\"lazy\" class=\"c-img alignnone\" src=\"https:\/\/www.languesnouveaumonde.ca\/wp-content\/uploads\/2020\/12\/ICONOS-SOLOS-13.jpg\" alt=\"table\" width=\"80\" height=\"167\" \/><\/p>\n<p class=\"c-text\">Presencial<\/p>\n<\/div>\n<h4>Oferta formativa:<\/h4>\n<p class=\"text gray-text\">Cursos de franc\u00e9s, espa\u00f1ol, e ingl\u00e9s<br \/>\nA domicilio o en su lugar de trabajo<br \/>\nPara alumnos particulares de cualquier nivel.<\/p>\n<p class=\"text\">Nuestro altamente cualificado equipo pedag\u00f3gico se desplaza para ofrecerle un \u00ab Nuevo Mundo \u00bb a trav\u00e9s del aprendizaje de un nuevo idioma.<\/p>\n<p class=\"text\">Contamos con una gran variedad de actividades, elegidas de acuerdo a sus necesidades y nivel, poniendo en pr\u00e1ctica la escucha, el habla, la lectura y la escritura.<\/p>\n<p class=\"text\">Nuestros cursos particulares presenciales son un foro ideal para la interacci\u00f3n alumno-profesor.<\/p>\n<div id=\"services\" class=\"container\">\n<div class=\"col1\">\n<div id=\"servtitle\">Titulo<\/div>\n<div id=\"img-con\"><img decoding=\"async\" loading=\"lazy\" id=\"img\" class=\"alignnone\" src=\"https:\/\/www.languesnouveaumonde.ca\/wp-content\/uploads\/2020\/12\/ICONOS-GRANDES-04.png\" alt=\"titulo\" width=\"636\" height=\"637\" \/><\/div>\n<div id=\"thumbs\" class=\"icon-list\">icons<\/div>\n<\/div>\n<div class=\"col2\">\n<div id=\"description\">Descripci\u00f3n<\/div>\n<\/div>\n<\/div>\n<h2>\u00bfInteresado en nuestros cursos?<\/h2>\n<p>\u00a1Porque aprender un idioma es como descubrir un \u00ab Nuevo Mundo \u00bb!<\/p>\n<p class=\"btn\"><a href=\"..\/..\/inscripcion\/\">\u00a1Matric\u00falese ya!<\/a><\/p>\n<h3>\u00bfA\u00fan est\u00e1 indeciso?<\/h3>\n<p>Practique su nuevo idioma con confianza y a su propio ritmo. Y como si esto fuera poco, los profesores LNM enriquecer\u00e1n cada clase con actividades culturales y l\u00fadicas adaptadas a sus necesidades. \u00a1Aprender un idioma, nunca ha sido tan divertido!<\/p>\n<p>\u00a1Seamos honestos! No existen p\u00edldoras de aprendizaje. A fin de notar avances en el manejo de un idioma, se requiere tiempo, constancia y mucha pr\u00e1ctica, idealmente con locutores nativos. En otras palabras, se aprende un idioma habl\u00e1ndolo: \u00a1Adelante, pues!<\/p>\n<div class=\"container\">\n<div class=\"col1\"><a class=\"c-block\" href=\"..\/..\/soy-una-empresa\/\">\r\n\t<img class=\"c-img\" src=\"https:\/\/www.languesnouveaumonde.ca\/wp-content\/uploads\/2020\/12\/ICONOS-SOLOS-09.jpg\" alt=\"entreprise icon\" width=\"80\" height=\"auto\" \/>\r\n\t<p class=\"c-text\">Para empresas<\/p>\r\n<\/a><\/div>\n<div class=\"col2\">\n<h2>Soluciones ling\u00fc\u00edsticas pensadas para su realidad empresarial.<\/h2>\n<p>\u00bfEs usted una empresa? \u00bfNecesita ofrecer a sus empleados cursos de franc\u00e9s, espa\u00f1ol o ingl\u00e9s?<\/p>\n<p>Dado que cada industria es \u00fanica, tambi\u00e9n lo son su jerga, sus expresiones y su registro ling\u00fc\u00edstico.<\/p>\n<p>Es por ello que en LNM le ofrecemos cursos de idiomas \u00ab a la carta \u00bb adaptados a su \u00e1mbito laboral o de negocios<\/p>\n<\/div>\n<\/div>\n","protected":false},"excerpt":{"rendered":"<p>Presencial Soy un particular estoy buscando un curso de Franc\u00e9s\/ Espa\u00f1ol\/ Ingl\u00e9s Presencial Oferta formativa: Cursos de franc\u00e9s, espa\u00f1ol, e ingl\u00e9s A domicilio o en su lugar de trabajo Para alumnos particulares de cualquier nivel. Nuestro altamente cualificado equipo pedag\u00f3gico se desplaza para ofrecerle un \u00ab Nuevo Mundo \u00bb a trav\u00e9s del aprendizaje de un &hellip;<\/p>\n","protected":false},"author":1,"featured_media":0,"parent":1794,"menu_order":0,"comment_status":"closed","ping_status":"closed","template":"sections.php","meta":{"_genesis_hide_title":false,"_genesis_hide_breadcrumbs":false,"_genesis_hide_singular_image":false,"_genesis_hide_footer_widgets":false,"_genesis_custom_body_class":"","_genesis_custom_post_class":"","_genesis_layout":"full-width-content"},"featured_image_src":null,"featured_image_src_square":null,"_links":{"self":[{"href":"https:\/\/www.languesnouveaumonde.ca\/es\/wp-json\/wp\/v2\/pages\/1716"}],"collection":[{"href":"https:\/\/www.languesnouveaumonde.ca\/es\/wp-json\/wp\/v2\/pages"}],"about":[{"href":"https:\/\/www.languesnouveaumonde.ca\/es\/wp-json\/wp\/v2\/types\/page"}],"author":[{"embeddable":true,"href":"https:\/\/www.languesnouveaumonde.ca\/es\/wp-json\/wp\/v2\/users\/1"}],"replies":[{"embeddable":true,"href":"https:\/\/www.languesnouveaumonde.ca\/es\/wp-json\/wp\/v2\/comments?post=1716"}],"version-history":[{"count":10,"href":"https:\/\/www.languesnouveaumonde.ca\/es\/wp-json\/wp\/v2\/pages\/1716\/revisions"}],"predecessor-version":[{"id":2944,"href":"https:\/\/www.languesnouveaumonde.ca\/es\/wp-json\/wp\/v2\/pages\/1716\/revisions\/2944"}],"up":[{"embeddable":true,"href":"https:\/\/www.languesnouveaumonde.ca\/es\/wp-json\/wp\/v2\/pages\/1794"}],"wp:attachment":[{"href":"https:\/\/www.languesnouveaumonde.ca\/es\/wp-json\/wp\/v2\/media?parent=1716"}],"curies":[{"name":"wp","href":"https:\/\/api.w.org\/{rel}","templated":true}]}}