{"id":1788,"date":"2020-09-21T13:42:43","date_gmt":"2020-09-21T13:42:43","guid":{"rendered":"https:\/\/www.languesnouveaumonde.ca\/en-ligne\/"},"modified":"2023-01-12T22:01:51","modified_gmt":"2023-01-12T22:01:51","slug":"virtual","status":"publish","type":"page","link":"https:\/\/www.languesnouveaumonde.ca\/es\/clases-particulares\/virtual\/","title":{"rendered":"Virtual"},"content":{"rendered":"<h1 style=\"display: none;\">Virtual<\/h1>\n<div class=\"hc-contain\">\n<h2>Soy un particular<br \/>\nestoy buscando un curso de<br \/>\n<span class=\"change-1\">Franc\u00e9s<\/span><span class=\"change-2\">\/ Espa\u00f1ol<\/span><span class=\"change-3\">\/ Ingl\u00e9s<\/span><\/h2>\n<div class=\"icons-contain\"><a href=\"..\/presencial\/\"><img decoding=\"async\" loading=\"lazy\" class=\"alignnone\" src=\"https:\/\/www.languesnouveaumonde.ca\/wp-content\/uploads\/2021\/01\/LOGOS-MOD-29.png\" alt=\"presencial\" width=\"90\" height=\"90\" \/><\/a><img decoding=\"async\" loading=\"lazy\" class=\"active alignnone\" src=\"https:\/\/www.languesnouveaumonde.ca\/wp-content\/uploads\/2021\/01\/LOGOS-MOD-31.png\" alt=\"virtual\" width=\"90\" height=\"90\" \/><a href=\"..\/talleres\/\"><img decoding=\"async\" loading=\"lazy\" class=\"alignnone\" src=\"https:\/\/www.languesnouveaumonde.ca\/wp-content\/uploads\/2021\/01\/LOGOS-MOD-33.png\" alt=\"talleres\" width=\"90\" height=\"90\" \/><\/a><\/div>\n<\/div>\n<p><img decoding=\"async\" loading=\"lazy\" class=\"alignnone wp-image-765 size-featured\" src=\"https:\/\/www.languesnouveaumonde.ca\/wp-content\/uploads\/2020\/10\/Notre-methode.jpg\" alt=\"curso de Franc\u00e9s\/ Espa\u00f1ol\/ Ingl\u00e9s\" width=\"800\" height=\"600\" \/><\/p>\n<div class=\"c-block\">\n<p><img decoding=\"async\" loading=\"lazy\" class=\"c-img alignnone\" src=\"https:\/\/www.languesnouveaumonde.ca\/wp-content\/uploads\/2020\/12\/ICONOS-SOLOS-10.jpg\" alt=\"curso en linea\" width=\"80\" height=\"167\" \/><\/p>\n<p class=\"c-text\">Clases en l\u00ednea<\/p>\n<\/div>\n<h4>OFERTA FORMATIVA:<\/h4>\n<p class=\"text gray-text\">Cursos de Franc\u00e9s \/ Espa\u00f1ol \/ Ingl\u00e9s<br \/>\na domicilio o en su lugar de trabajo<br \/>\npara alumnos particulares de cualquier nivel.<\/p>\n<p class=\"text\">Todo lo que necesitas es un dispositivo electr\u00f3nico &#8211; ordenador, tel\u00e9fono inteligente o tableta -, una buena conexi\u00f3n a Internet, y un lugar tranquilo para empezar!<\/p>\n<p class=\"text\">Aumente la confianza en s\u00ed mismo y aprenda un segundo idioma gracias a nuestros cursos en l\u00ednea basados en las \u00faltimas t\u00e9cnicas de formaci\u00f3n a distancia.<\/p>\n<div id=\"services\" class=\"container\">\n<div class=\"col1\">\n<div id=\"servtitle\">Title<\/div>\n<div id=\"img-con\"><img decoding=\"async\" loading=\"lazy\" id=\"img\" class=\"alignnone\" src=\"https:\/\/www.languesnouveaumonde.ca\/wp-content\/uploads\/2020\/12\/ICONOS-GRANDES-04.png\" alt=\"titulo\" width=\"636\" height=\"637\" \/><\/div>\n<div id=\"thumbs\" class=\"icon-list\">icons<\/div>\n<\/div>\n<div class=\"col2\">\n<div id=\"description\">Description<\/div>\n<\/div>\n<\/div>\n<h2>\u00bfInteresado en nuestros cursos?<\/h2>\n<p>Porque aprender un idioma es como descubrir un Nuevo Mundo<\/p>\n<p class=\"btn\"><a href=\"..\/..\/inscription\/\">\u00a1Matric\u00falate ya!<\/a><\/p>\n<h3>\u00a1El l\u00e9xico adecuado!<\/h3>\n<p>Cada profesi\u00f3n tiene su propia jerga y vocabulario t\u00e9cnico. Es aqu\u00ed en donde nuestros profesores le ayudar\u00e1n a descubrir el l\u00e9xico propio de su industria o especialidad.<\/p>\n<h3>\u00bfA\u00fan est\u00e1 indeciso?<\/h3>\n<p>Un curso en l\u00ednea no significa ser abandonado a su suerte. Nuestros docentes le acompa\u00f1ar\u00e1n paso a paso para, respetando sus objetivos, sus plazos y su presupuesto.<\/p>\n<div class=\"container\">\n<div class=\"col1\"><a class=\"c-block\" href=\"..\/..\/soy-una-empresa\/\">\r\n\t<img class=\"c-img\" src=\"https:\/\/www.languesnouveaumonde.ca\/wp-content\/uploads\/2020\/12\/ICONOS-SOLOS-09.jpg\" alt=\"entreprise icon\" width=\"80\" height=\"auto\" \/>\r\n\t<p class=\"c-text\">Para empresas<\/p>\r\n<\/a><\/div>\n<div class=\"col2\">\n<h2>Soluciones ling\u00fc\u00edsticas pensadas para su realidad empresarial<\/h2>\n<p>\u00bfEs usted una empresa? \u00bfNecesita ofrecer a sus empleados cursos de franc\u00e9s, espa\u00f1ol o ingl\u00e9s?<\/p>\n<p>Dado que cada industria es \u00fanica, tambi\u00e9n lo son su jerga, sus expresiones y su registro ling\u00fc\u00edstico.<\/p>\n<p>Es por ello que en LNM le ofrecemos cursos de idiomas \u00ab a la carta \u00bb adaptados a su \u00e1mbito laboral o de negocios.<\/p>\n<\/div>\n<\/div>\n","protected":false},"excerpt":{"rendered":"<p>Virtual Soy un particular estoy buscando un curso de Franc\u00e9s\/ Espa\u00f1ol\/ Ingl\u00e9s Clases en l\u00ednea OFERTA FORMATIVA: Cursos de Franc\u00e9s \/ Espa\u00f1ol \/ Ingl\u00e9s a domicilio o en su lugar de trabajo para alumnos particulares de cualquier nivel. Todo lo que necesitas es un dispositivo electr\u00f3nico &#8211; ordenador, tel\u00e9fono inteligente o tableta -, una buena &hellip;<\/p>\n","protected":false},"author":1,"featured_media":0,"parent":1794,"menu_order":0,"comment_status":"closed","ping_status":"closed","template":"sections.php","meta":{"_genesis_hide_title":false,"_genesis_hide_breadcrumbs":false,"_genesis_hide_singular_image":false,"_genesis_hide_footer_widgets":false,"_genesis_custom_body_class":"","_genesis_custom_post_class":"","_genesis_layout":"full-width-content"},"featured_image_src":null,"featured_image_src_square":null,"_links":{"self":[{"href":"https:\/\/www.languesnouveaumonde.ca\/es\/wp-json\/wp\/v2\/pages\/1788"}],"collection":[{"href":"https:\/\/www.languesnouveaumonde.ca\/es\/wp-json\/wp\/v2\/pages"}],"about":[{"href":"https:\/\/www.languesnouveaumonde.ca\/es\/wp-json\/wp\/v2\/types\/page"}],"author":[{"embeddable":true,"href":"https:\/\/www.languesnouveaumonde.ca\/es\/wp-json\/wp\/v2\/users\/1"}],"replies":[{"embeddable":true,"href":"https:\/\/www.languesnouveaumonde.ca\/es\/wp-json\/wp\/v2\/comments?post=1788"}],"version-history":[{"count":11,"href":"https:\/\/www.languesnouveaumonde.ca\/es\/wp-json\/wp\/v2\/pages\/1788\/revisions"}],"predecessor-version":[{"id":2945,"href":"https:\/\/www.languesnouveaumonde.ca\/es\/wp-json\/wp\/v2\/pages\/1788\/revisions\/2945"}],"up":[{"embeddable":true,"href":"https:\/\/www.languesnouveaumonde.ca\/es\/wp-json\/wp\/v2\/pages\/1794"}],"wp:attachment":[{"href":"https:\/\/www.languesnouveaumonde.ca\/es\/wp-json\/wp\/v2\/media?parent=1788"}],"curies":[{"name":"wp","href":"https:\/\/api.w.org\/{rel}","templated":true}]}}