{"id":1792,"date":"2020-09-22T23:56:04","date_gmt":"2020-09-22T23:56:04","guid":{"rendered":"https:\/\/www.languesnouveaumonde.ca\/ateliers\/"},"modified":"2023-01-12T20:28:40","modified_gmt":"2023-01-12T20:28:40","slug":"talleres","status":"publish","type":"page","link":"https:\/\/www.languesnouveaumonde.ca\/es\/clases-particulares\/talleres\/","title":{"rendered":"Talleres"},"content":{"rendered":"<h1 style=\"display: none;\">Talleres<\/h1>\n<div class=\"hc-contain\">\n<h2>Soy un particular<br \/>\nestoy buscando un curso de<br \/>\n<span class=\"change-1\">Franc\u00e9s<\/span><span class=\"change-2\">\/ Espa\u00f1ol<\/span><span class=\"change-3\">\/ Ingl\u00e9s<\/span><\/h2>\n<div class=\"icons-contain\"><a href=\"..\/presencial\/\"><img decoding=\"async\" loading=\"lazy\" src=\"https:\/\/www.languesnouveaumonde.ca\/wp-content\/uploads\/2021\/01\/LOGOS-MOD-29.png\" alt=\"presencial\" width=\"90\" height=\"90\" \/><\/a><a href=\"..\/virtual\/\"><img decoding=\"async\" loading=\"lazy\" src=\"https:\/\/www.languesnouveaumonde.ca\/wp-content\/uploads\/2021\/01\/LOGOS-MOD-31.png\" alt=\"virtual\" width=\"90\" height=\"90\" \/><\/a><img decoding=\"async\" loading=\"lazy\" class=\"active\" src=\"https:\/\/www.languesnouveaumonde.ca\/wp-content\/uploads\/2021\/01\/LOGOS-MOD-33.png\" alt=\"Talleres\" width=\"90\" height=\"90\" \/><\/div>\n<\/div>\n<p><img decoding=\"async\" loading=\"lazy\" class=\"alignnone wp-image-765 size-featured\" src=\"https:\/\/www.languesnouveaumonde.ca\/wp-content\/uploads\/2020\/10\/Notre-methode.jpg\" alt=\"curso de Franc\u00e9s\/ Espa\u00f1ol\/ Ingl\u00e9s\" width=\"800\" height=\"600\" \/><\/p>\n<div class=\"c-block\">\n<p><img decoding=\"async\" loading=\"lazy\" class=\"c-img alignnone\" src=\"https:\/\/www.languesnouveaumonde.ca\/wp-content\/uploads\/2020\/12\/ICONOS-SOLOS-11.jpg\" alt=\"Talleres\" width=\"80\" height=\"167\" \/><\/p>\n<p class=\"c-text\">Talleres<\/p>\n<\/div>\n<h4>TALLERES DE CONVERSACI\u00d3N DISPONIBLES:<\/h4>\n<p class=\"text gray-text\">Franc\u00e9s \/ Espa\u00f1ol<br \/>\nPara estudiantes intermedios y avanzados<\/p>\n<p class=\"text\">En esta reuni\u00f3n semanal de dos horas, un peque\u00f1o grupo de tertulianos se reune, al rededor de un buen caf\u00e9, para discutir sobre una gran variedad de temas de inter\u00e9s general.<\/p>\n<p class=\"text\">Participe en \u00ab La Tertulia \u00bb, nuestro taller en espa\u00f1ol.<\/p>\n<p class=\"text\">Participe en el \u00ab Caf\u00e9 Cosmopolitain \u00bb, nuestro taller franc\u00e9s.<\/p>\n<div id=\"services\" class=\"container\">\n<div class=\"col1\">\n<div id=\"servtitle\">Title<\/div>\n<div id=\"img-con\"><img decoding=\"async\" loading=\"lazy\" id=\"img\" class=\"alignnone\" src=\"https:\/\/www.languesnouveaumonde.ca\/wp-content\/uploads\/2020\/12\/ICONOS-GRANDES-04.png\" alt=\"titulo\" width=\"636\" height=\"637\" \/><\/div>\n<div id=\"thumbs\" class=\"icon-list\">icons<\/div>\n<\/div>\n<div class=\"col2\">\n<div id=\"description\">Description<\/div>\n<\/div>\n<\/div>\n<h2>\u00bfInteresado en nuestros cursos?<\/h2>\n<p>Porque aprender un idioma es como descubrir un Nuevo Mundo<\/p>\n<p class=\"btn\"><a href=\"..\/..\/inscription\/\">\u00a1Matric\u00falate ya!<\/a><\/p>\n<h3>Conversaciones con una pizca de retroalimentaci\u00f3n<\/h3>\n<p>La mejor manera de preservar o mejorar una lengua extranjera es practicarla con la mayor regularidad posible.<br \/>\nAdem\u00e1s de mirar sus series favoritas y utilizar aplicaciones ling\u00fc\u00edsticas, atr\u00e9vase a hablar e interactuar en una conversaci\u00f3n y debatir amenamente sus ideas.<\/p>\n<p>Todos nuestros talleres de conversaci\u00f3n combinan tres enfoques para mejorar sus habilidades ling\u00fc\u00edsticas: evitar el cambio a su lengua materna, hacerse acompa\u00f1ar por un profesor profesional y poder hablar con personas de carne y hueso en escenarios aut\u00e9nticos y cotidianos.<\/p>\n<div class=\"container\">\n<div class=\"col1\"><a class=\"c-block\" href=\"..\/..\/soy-una-empresa\/\">\r\n\t<img class=\"c-img\" src=\"https:\/\/www.languesnouveaumonde.ca\/wp-content\/uploads\/2020\/12\/ICONOS-SOLOS-09.jpg\" alt=\"entreprise icon\" width=\"80\" height=\"auto\" \/>\r\n\t<p class=\"c-text\">Para empresas<\/p>\r\n<\/a><\/div>\n<div class=\"col2\">\n<h2>Soluciones ling\u00fc\u00edsticas pensadas para su realidad empresarial<\/h2>\n<p>\u00bfEs usted una empresa? \u00bfNecesita ofrecer a sus empleados cursos de franc\u00e9s, espa\u00f1ol o ingl\u00e9s?<\/p>\n<p>Dado que cada industria es \u00fanica, tambi\u00e9n lo son su jerga, sus expresiones y su registro ling\u00fc\u00edstico.<\/p>\n<p>Es por ello que en LNM le ofrecemos cursos de idiomas \u00ab a la carta \u00bb adaptados a su \u00e1mbito laboral o de negocios<\/p>\n<\/div>\n<\/div>\n","protected":false},"excerpt":{"rendered":"<p>Talleres Soy un particular estoy buscando un curso de Franc\u00e9s\/ Espa\u00f1ol\/ Ingl\u00e9s Talleres TALLERES DE CONVERSACI\u00d3N DISPONIBLES: Franc\u00e9s \/ Espa\u00f1ol Para estudiantes intermedios y avanzados En esta reuni\u00f3n semanal de dos horas, un peque\u00f1o grupo de tertulianos se reune, al rededor de un buen caf\u00e9, para discutir sobre una gran variedad de temas de inter\u00e9s &hellip;<\/p>\n","protected":false},"author":1,"featured_media":0,"parent":1794,"menu_order":0,"comment_status":"closed","ping_status":"closed","template":"sections.php","meta":{"_genesis_hide_title":false,"_genesis_hide_breadcrumbs":false,"_genesis_hide_singular_image":false,"_genesis_hide_footer_widgets":false,"_genesis_custom_body_class":"","_genesis_custom_post_class":"","_genesis_layout":"full-width-content"},"featured_image_src":null,"featured_image_src_square":null,"_links":{"self":[{"href":"https:\/\/www.languesnouveaumonde.ca\/es\/wp-json\/wp\/v2\/pages\/1792"}],"collection":[{"href":"https:\/\/www.languesnouveaumonde.ca\/es\/wp-json\/wp\/v2\/pages"}],"about":[{"href":"https:\/\/www.languesnouveaumonde.ca\/es\/wp-json\/wp\/v2\/types\/page"}],"author":[{"embeddable":true,"href":"https:\/\/www.languesnouveaumonde.ca\/es\/wp-json\/wp\/v2\/users\/1"}],"replies":[{"embeddable":true,"href":"https:\/\/www.languesnouveaumonde.ca\/es\/wp-json\/wp\/v2\/comments?post=1792"}],"version-history":[{"count":9,"href":"https:\/\/www.languesnouveaumonde.ca\/es\/wp-json\/wp\/v2\/pages\/1792\/revisions"}],"predecessor-version":[{"id":2941,"href":"https:\/\/www.languesnouveaumonde.ca\/es\/wp-json\/wp\/v2\/pages\/1792\/revisions\/2941"}],"up":[{"embeddable":true,"href":"https:\/\/www.languesnouveaumonde.ca\/es\/wp-json\/wp\/v2\/pages\/1794"}],"wp:attachment":[{"href":"https:\/\/www.languesnouveaumonde.ca\/es\/wp-json\/wp\/v2\/media?parent=1792"}],"curies":[{"name":"wp","href":"https:\/\/api.w.org\/{rel}","templated":true}]}}