{"id":2061,"date":"2020-12-11T02:17:27","date_gmt":"2020-12-11T02:17:27","guid":{"rendered":"https:\/\/www.languesnouveaumonde.ca\/nos-sommes\/"},"modified":"2021-06-18T15:20:42","modified_gmt":"2021-06-18T15:20:42","slug":"quienes-somos","status":"publish","type":"page","link":"https:\/\/www.languesnouveaumonde.ca\/es\/quienes-somos\/","title":{"rendered":"Qui\u00e9nes somos"},"content":{"rendered":"<h1 style=\"display: none;\">Nos sommes<\/h1>\n<div class=\"hc-contain\">\n<h2>Somos<br \/>\nLangues Nouveau Monde<\/h2>\n<\/div>\n<p><img decoding=\"async\" loading=\"lazy\" class=\"alignnone size-featured wp-image-765\" src=\"https:\/\/www.languesnouveaumonde.ca\/wp-content\/uploads\/2020\/12\/nos-sommes-banner-800x600.jpg\" alt=\"\" width=\"800\" height=\"600\" \/><\/p>\n<p class=\"text\"><i class=\"fas fa-quote-left\"><\/i><em>No soy del tipo \u00ab\u00a0rata de laboratorio\u00a0\u00bb, aunque me fascina indagar en el patrimonio cultural y en libros, para arrojar nueva luz sobre el aprendizaje del franc\u00e9s, espa\u00f1ol, ingl\u00e9s y sus respectivas culturas de negocios.<\/em><i class=\"fas fa-quote-right\"><\/i><\/p>\n<p>Wilfred Calvino M.Sc.<br \/>\nDirector acad\u00e9mico y catedr\u00e1tico<\/p>\n<div class=\"text-white\">\n<p><strong>Mi misi\u00f3n:<\/strong> ser el maestro que siempre so\u00f1\u00e9 tener &#8211; y Usted tambi\u00e9n &#8211; siendo estudiante. Culto, pragm\u00e1tico et inspirador<\/p>\n<p><strong>Mi metodolog\u00eda:<\/strong> practicar las cuatro destrezas ling\u00fc\u00edsticas : expresi\u00f3n oral, expresi\u00f3n escrita, comprensi\u00f3n auditiva y comprensi\u00f3n lectora, seg\u00fan las recomendaciones del Marco Com\u00fan Europeo de Referencia para las Lenguas (MCERL). Reconocido internacionalmente, el MCERL es un est\u00e1ndar para medir la competencia ling\u00fc\u00edstica en seis niveles (A1, A2, B1, B2, C1, C2) de aproximadamente 60 horas cada uno.<\/p>\n<p><strong>Mi sello distintivo:<\/strong> utilizar m\u00e9todos de ense\u00f1anza innovadores, sin por ello menoscabar los grandes cl\u00e1sicos que han mostrado su val\u00eda, para garantizarle una experiencia de aprendizaje amena, eficaz y duradera: actividades l\u00fadicas de car\u00e1cter cultural. Atajos mnemot\u00e9cnicos. Lectura din\u00e1mica estrat\u00e9gica (Mapas mentales).<\/p>\n<\/div>\n<p>Ya en el siglo XVI, el emperador Carlos V vinculaba las lenguas que se hablaban en su imperio con las esferas m\u00e1s importantes de la sociedad de la \u00e9poca: la piedad, la seducci\u00f3n, los asuntos de estado y el trabajo. De ah\u00ed su famosa frase: <strong>\u00ab Hablo espa\u00f1ol con Dios, italiano con las mujeres, franc\u00e9s con los hombres y alem\u00e1n con mi caballo. \u00bb Charles V<\/strong><\/p>\n<h3>\u00bfAdagio anacr\u00f3nico? \u00bfAnticuado?<\/h3>\n<p>Lo cierto es que en la actualidad, el franc\u00e9s, el espa\u00f1ol y el ingl\u00e9s son esenciales para nosotros. Habiendo vivido, estudiado, trabajado y ense\u00f1ado en estos tres idiomas en varios pa\u00edses, le acompa\u00f1o y traduzco a su propia realidad lo que est\u00e1 fuera de su zona de confort.<\/p>\n<div class=\"container\">\n<div class=\"col1\">\n<p>Cont\u00e1cteme para descubrir un Nuevo Mundo con uno de los profesores de la academia, fundada en 2013 a mi imagen:<\/p>\n<p>Langues Nouveau Monde.<\/p>\n<\/div>\n<div class=\"col2\"><img decoding=\"async\" src=\"https:\/\/www.languesnouveaumonde.ca\/wp-content\/uploads\/2021\/03\/Wilfred-Calvino_02-scaled.jpg\" \/><\/div>\n<\/div>\n<div class=\"container-btn\"><a class=\"btn\" href=\"..\/testimonios\/\">Testimonios<\/a><\/div>\n<div class=\"container-btn\"><a class=\"btn\" href=\"..\/blog\/\">Blog<\/a><\/div>\n","protected":false},"excerpt":{"rendered":"<p>Nos sommes Somos Langues Nouveau Monde No soy del tipo \u00ab\u00a0rata de laboratorio\u00a0\u00bb, aunque me fascina indagar en el patrimonio cultural y en libros, para arrojar nueva luz sobre el aprendizaje del franc\u00e9s, espa\u00f1ol, ingl\u00e9s y sus respectivas culturas de negocios. Wilfred Calvino M.Sc. Director acad\u00e9mico y catedr\u00e1tico Mi misi\u00f3n: ser el maestro que siempre &hellip;<\/p>\n","protected":false},"author":1,"featured_media":0,"parent":0,"menu_order":0,"comment_status":"closed","ping_status":"closed","template":"sections.php","meta":{"_genesis_hide_title":false,"_genesis_hide_breadcrumbs":false,"_genesis_hide_singular_image":false,"_genesis_hide_footer_widgets":false,"_genesis_custom_body_class":"","_genesis_custom_post_class":"","_genesis_layout":"full-width-content"},"featured_image_src":null,"featured_image_src_square":null,"_links":{"self":[{"href":"https:\/\/www.languesnouveaumonde.ca\/es\/wp-json\/wp\/v2\/pages\/2061"}],"collection":[{"href":"https:\/\/www.languesnouveaumonde.ca\/es\/wp-json\/wp\/v2\/pages"}],"about":[{"href":"https:\/\/www.languesnouveaumonde.ca\/es\/wp-json\/wp\/v2\/types\/page"}],"author":[{"embeddable":true,"href":"https:\/\/www.languesnouveaumonde.ca\/es\/wp-json\/wp\/v2\/users\/1"}],"replies":[{"embeddable":true,"href":"https:\/\/www.languesnouveaumonde.ca\/es\/wp-json\/wp\/v2\/comments?post=2061"}],"version-history":[{"count":2,"href":"https:\/\/www.languesnouveaumonde.ca\/es\/wp-json\/wp\/v2\/pages\/2061\/revisions"}],"predecessor-version":[{"id":2836,"href":"https:\/\/www.languesnouveaumonde.ca\/es\/wp-json\/wp\/v2\/pages\/2061\/revisions\/2836"}],"wp:attachment":[{"href":"https:\/\/www.languesnouveaumonde.ca\/es\/wp-json\/wp\/v2\/media?parent=2061"}],"curies":[{"name":"wp","href":"https:\/\/api.w.org\/{rel}","templated":true}]}}