{"id":2366,"date":"2021-02-15T23:26:57","date_gmt":"2021-02-15T23:26:57","guid":{"rendered":"https:\/\/www.languesnouveaumonde.ca\/anecdotas-y-testimonios\/voyages\/"},"modified":"2021-06-18T15:33:44","modified_gmt":"2021-06-18T15:33:44","slug":"viaje","status":"publish","type":"page","link":"https:\/\/www.languesnouveaumonde.ca\/es\/testimonios\/viaje\/","title":{"rendered":"Viaje"},"content":{"rendered":"<h1 style=\"display: none;\">Testimonios: Viaje<\/h1>\n<h2>Testimonios<\/h2>\n<p><img decoding=\"async\" loading=\"lazy\" class=\"alignnone size-featured wp-image-765\" src=\"https:\/\/www.languesnouveaumonde.ca\/wp-content\/uploads\/2020\/09\/5-800x600.jpg\" alt=\"\" width=\"800\" height=\"600\" \/><\/p>\n<h2 class=\"subtitle\">Las 6 razones principales para aprender un nuevo idioma<\/h2>\n<div class=\"col-1\"><div id=\"carriere\" class=\"testimonial-cont\">\r\n  <a href=\"https:\/\/www.languesnouveaumonde.ca\/es\/testimonios\/#carriere\"><img src=\"https:\/\/www.languesnouveaumonde.ca\/wp-content\/uploads\/2020\/12\/ICONOS-GRANDES-04.png\" \/>Carrera<\/a>\r\n<\/div>\r\n<div id=\"etudes\" class=\"testimonial-cont\">\r\n  <a href=\"https:\/\/www.languesnouveaumonde.ca\/es\/testimonios\/estudios\/#etudes\"><img src=\"https:\/\/www.languesnouveaumonde.ca\/wp-content\/uploads\/2020\/12\/ICONOS-GRANDES-02.png\" \/>Estudios<\/a>\r\n<\/div>\r\n<div id=\"immigration\" class=\"testimonial-cont\">\r\n  <a href=\"https:\/\/www.languesnouveaumonde.ca\/es\/testimonios\/inmigracion\/#immigration\"><img src=\"https:\/\/www.languesnouveaumonde.ca\/wp-content\/uploads\/2021\/02\/ICONOS-07.png\" \/>Inmigraci\u00f3n<\/a>\r\n<\/div>\r\n<div id=\"voyages\" class=\"testimonial-cont\">\r\n  <a href=\"https:\/\/www.languesnouveaumonde.ca\/es\/testimonios\/viaje\/#voyages\"><img src=\"https:\/\/www.languesnouveaumonde.ca\/wp-content\/uploads\/2020\/12\/ICONOS-GRANDES-05.png\" \/>Viaje<\/a>\r\n<\/div>\r\n<div id=\"particuliers\" class=\"testimonial-cont\">\r\n  <a href=\"https:\/\/www.languesnouveaumonde.ca\/es\/testimonios\/personal\/#particuliers\"><img src=\"https:\/\/www.languesnouveaumonde.ca\/wp-content\/uploads\/2020\/12\/ICONOS-GRANDES-03.png\" \/>Personal<\/a>\r\n<\/div>\r\n<div id=\"loisirs\" class=\"testimonial-cont\">\r\n  <a href=\"https:\/\/www.languesnouveaumonde.ca\/es\/testimonios\/ocio\/#loisirs\"><img src=\"https:\/\/www.languesnouveaumonde.ca\/wp-content\/uploads\/2020\/12\/ICONOS-GRANDES-06.png\" \/>Ocio<\/a>\r\n<\/div><\/div>\n<div class=\"col-2\"><!---firts-comment---->\r\n<div class=\"testimonial-row\">\r\n  <div id=\"besoin\" class=\"textbox-testimonials\">\r\n    <div class=\"corner-icon\"><img src=\"https:\/\/www.languesnouveaumonde.ca\/wp-content\/uploads\/2021\/02\/ICONOS-01.png\" \/><\/div>\r\n    <p class=\"title\">Problem\u00e1tica del cliente<\/p>\r\n    <p class=\"text\">Una pareja pol\u00edglota quiere independizarse de su hija que les sirve de int\u00e9rprete durante su viaje a la Costa Blanca en Espa\u00f1a.<\/p>\r\n  <\/div>\r\n  <div id=\"solution\" class=\"textbox-testimonials\">\r\n    <div class=\"corner-icon\"><img src=\"https:\/\/www.languesnouveaumonde.ca\/wp-content\/uploads\/2021\/02\/ICONOS-02.png\" \/><\/div>\r\n    <p class=\"title\">Soluci\u00f3n<\/p>\r\n    <p class=\"text\">Despu\u00e9s del rumano, el ruso, el franc\u00e9s y el ingl\u00e9s, empiezan a aprender un quinto idioma: el espa\u00f1ol.<\/p>\r\n  <\/div>\r\n  <div id=\"result\" class=\"textbox-testimonials\">\r\n    <div class=\"corner-icon\"><img src=\"https:\/\/www.languesnouveaumonde.ca\/wp-content\/uploads\/2021\/02\/ICONOS-03.png\" \/><\/div>\r\n    <p class=\"title\">Resultado<\/p>\r\n    <p class=\"text\">Ahora son independientes durante sus viajes, as\u00ed como durante las reuniones de sus copropiedades. Incluso hoy en d\u00eda, siguen haciendo cursos en casa por el placer de mejorar sus conocimientos ling\u00fc\u00edsticos.<\/p>\r\n\t<\/div>\r\n<\/div>\r\n<\/div>\n","protected":false},"excerpt":{"rendered":"<p>Testimonios: Viaje Testimonios Las 6 razones principales para aprender un nuevo idioma<\/p>\n","protected":false},"author":1,"featured_media":0,"parent":1746,"menu_order":0,"comment_status":"closed","ping_status":"closed","template":"sections.php","meta":{"_genesis_hide_title":false,"_genesis_hide_breadcrumbs":false,"_genesis_hide_singular_image":false,"_genesis_hide_footer_widgets":false,"_genesis_custom_body_class":"","_genesis_custom_post_class":"","_genesis_layout":"full-width-content"},"featured_image_src":null,"featured_image_src_square":null,"_links":{"self":[{"href":"https:\/\/www.languesnouveaumonde.ca\/es\/wp-json\/wp\/v2\/pages\/2366"}],"collection":[{"href":"https:\/\/www.languesnouveaumonde.ca\/es\/wp-json\/wp\/v2\/pages"}],"about":[{"href":"https:\/\/www.languesnouveaumonde.ca\/es\/wp-json\/wp\/v2\/types\/page"}],"author":[{"embeddable":true,"href":"https:\/\/www.languesnouveaumonde.ca\/es\/wp-json\/wp\/v2\/users\/1"}],"replies":[{"embeddable":true,"href":"https:\/\/www.languesnouveaumonde.ca\/es\/wp-json\/wp\/v2\/comments?post=2366"}],"version-history":[{"count":1,"href":"https:\/\/www.languesnouveaumonde.ca\/es\/wp-json\/wp\/v2\/pages\/2366\/revisions"}],"predecessor-version":[{"id":2848,"href":"https:\/\/www.languesnouveaumonde.ca\/es\/wp-json\/wp\/v2\/pages\/2366\/revisions\/2848"}],"up":[{"embeddable":true,"href":"https:\/\/www.languesnouveaumonde.ca\/es\/wp-json\/wp\/v2\/pages\/1746"}],"wp:attachment":[{"href":"https:\/\/www.languesnouveaumonde.ca\/es\/wp-json\/wp\/v2\/media?parent=2366"}],"curies":[{"name":"wp","href":"https:\/\/api.w.org\/{rel}","templated":true}]}}